{"id":20,"date":"2016-05-23T12:30:23","date_gmt":"2016-05-23T10:30:23","guid":{"rendered":"http:\/\/www.bakaliko.at\/de\/?page_id=20"},"modified":"2020-05-26T07:53:18","modified_gmt":"2020-05-26T06:53:18","slug":"info","status":"publish","type":"page","link":"https:\/\/www.bakaliko.at\/de\/info\/","title":{"rendered":"Info"},"content":{"rendered":"<div id=\"pl-20\"  class=\"panel-layout\" ><div id=\"pg-20-0\"  class=\"panel-grid panel-has-style\" ><div class=\"anchornav siteorigin-panels-stretch panel-row-style panel-row-style-for-20-0\" data-stretch-type=\"full\" ><div id=\"pgc-20-0-0\"  class=\"panel-grid-cell\" ><div id=\"panel-20-0-0-0\" class=\"so-panel widget widget_sow-editor panel-first-child panel-last-child\" data-index=\"0\" ><div class=\"panel-widget-style panel-widget-style-for-20-0-0-0\" ><div\n\t\t\t\n\t\t\tclass=\"so-widget-sow-editor so-widget-sow-editor-base\"\n\t\t\t\n\t\t>\n<div class=\"siteorigin-widget-tinymce textwidget\">\n\t<p style=\"text-align: center;\"><a href=\"#about\">\u00dcber Uns<\/a>&nbsp;&nbsp;~&nbsp;&nbsp;<a href=\"#lage\">Lage<\/a>&nbsp;&nbsp;~&nbsp;&nbsp;<a href=\"#kontakt\">Kontakt<\/a><\/p>\n<\/div>\n<\/div><\/div><\/div><\/div><\/div><\/div><div id=\"pg-20-1\"  class=\"panel-grid panel-has-style\" ><div class=\"top-margin-mb panel-row-style panel-row-style-for-20-1\" id=\"about\" ><div id=\"pgc-20-1-0\"  class=\"panel-grid-cell\" ><div id=\"panel-20-1-0-0\" class=\"so-panel widget widget_sow-editor panel-first-child\" data-index=\"1\" ><div class=\"custom-ueberschrift panel-widget-style panel-widget-style-for-20-1-0-0\" ><div\n\t\t\t\n\t\t\tclass=\"so-widget-sow-editor so-widget-sow-editor-base\"\n\t\t\t\n\t\t>\n<div class=\"siteorigin-widget-tinymce textwidget\">\n\t<p>\u00dcBER UNS<\/p>\n<\/div>\n<\/div><\/div><\/div><div id=\"panel-20-1-0-1\" class=\"so-panel widget widget_sow-image\" data-index=\"2\" ><div class=\"lambda-trenner panel-widget-style panel-widget-style-for-20-1-0-1\" ><div\n\t\t\t\n\t\t\tclass=\"so-widget-sow-image so-widget-sow-image-default-a258e6bfa2d8-20\"\n\t\t\t\n\t\t>\n<div class=\"sow-image-container\">\n\t\t<img \n\tsrc=\"https:\/\/www.bakaliko.at\/de\/wp-content\/uploads\/2016\/06\/lambda-trenner.svg\" alt=\"\" \t\tclass=\"so-widget-image\"\/>\n\t<\/div>\n\n<\/div><\/div><\/div><div id=\"panel-20-1-0-2\" class=\"so-panel widget widget_sow-editor\" data-index=\"3\" ><div class=\"custom-unterschrift panel-widget-style panel-widget-style-for-20-1-0-2\" ><div\n\t\t\t\n\t\t\tclass=\"so-widget-sow-editor so-widget-sow-editor-base\"\n\t\t\t\n\t\t>\n<div class=\"siteorigin-widget-tinymce textwidget\">\n\t<p>Das Baka\u03bbiko<\/p>\n<\/div>\n<\/div><\/div><\/div><div id=\"panel-20-1-0-3\" class=\"so-panel widget widget_sow-editor panel-last-child\" data-index=\"4\" ><div class=\"text-normal panel-widget-style panel-widget-style-for-20-1-0-3\" ><div\n\t\t\t\n\t\t\tclass=\"so-widget-sow-editor so-widget-sow-editor-base\"\n\t\t\t\n\t\t>\n<div class=\"siteorigin-widget-tinymce textwidget\">\n\t<p style=\"text-align: center;\">Seit vielen Jahren gehen wir nun schon unserer Leidenschaft nach, gutes Essen, guten Wein und qualitativ hochwertige Lebensmittel aus Griechenland und dem Mittelmeerraum zu entdecken, zu verkosten und zu verkochen. Unsere kulinarischen Entdeckungen haben uns schlie\u00dflich dazu inspiriert, das Baka\u03bbiko zu er\u00f6ffnen. Der Lendplatz mit seinem interkulturellen Charakter erschien uns als der richtige Ort f\u00fcr unser Unternehmen.<\/p>\n<\/div>\n<\/div><\/div><\/div><\/div><\/div><\/div><div id=\"pg-20-2\"  class=\"panel-grid panel-has-style\" ><div class=\"siteorigin-panels-stretch panel-row-style panel-row-style-for-20-2\" data-stretch-type=\"full-stretched\" ><div id=\"pgc-20-2-0\"  class=\"panel-grid-cell\" ><div id=\"panel-20-2-0-0\" class=\"so-panel widget widget_sow-image panel-first-child panel-last-child\" data-index=\"5\" ><div\n\t\t\t\n\t\t\tclass=\"so-widget-sow-image so-widget-sow-image-default-a258e6bfa2d8-20\"\n\t\t\t\n\t\t>\n<div class=\"sow-image-container\">\n\t\t<img \n\tsrc=\"https:\/\/www.bakaliko.at\/de\/wp-content\/uploads\/2016\/05\/bakaliko-aussen-quad-600x600.jpg\" width=\"600\" height=\"600\" srcset=\"https:\/\/www.bakaliko.at\/de\/wp-content\/uploads\/2016\/05\/bakaliko-aussen-quad-600x600.jpg 600w, https:\/\/www.bakaliko.at\/de\/wp-content\/uploads\/2016\/05\/bakaliko-aussen-quad-600x600-300x300.jpg 300w, https:\/\/www.bakaliko.at\/de\/wp-content\/uploads\/2016\/05\/bakaliko-aussen-quad-600x600-150x150.jpg 150w\" sizes=\"(max-width: 600px) 100vw, 600px\" title=\"bakaliko-aussen-quad-600&#215;600\" alt=\"\" \t\tclass=\"so-widget-image\"\/>\n\t<\/div>\n\n<\/div><\/div><\/div><div id=\"pgc-20-2-1\"  class=\"panel-grid-cell\" ><div id=\"panel-20-2-1-0\" class=\"so-panel widget widget_sow-image panel-first-child panel-last-child\" data-index=\"6\" ><div\n\t\t\t\n\t\t\tclass=\"so-widget-sow-image so-widget-sow-image-default-a258e6bfa2d8-20\"\n\t\t\t\n\t\t>\n<div class=\"sow-image-container\">\n\t\t<img \n\tsrc=\"https:\/\/www.bakaliko.at\/de\/wp-content\/uploads\/2016\/05\/130112_bakaliko-4-quad-WEB.jpg\" width=\"600\" height=\"600\" srcset=\"https:\/\/www.bakaliko.at\/de\/wp-content\/uploads\/2016\/05\/130112_bakaliko-4-quad-WEB.jpg 600w, https:\/\/www.bakaliko.at\/de\/wp-content\/uploads\/2016\/05\/130112_bakaliko-4-quad-WEB-300x300.jpg 300w, https:\/\/www.bakaliko.at\/de\/wp-content\/uploads\/2016\/05\/130112_bakaliko-4-quad-WEB-150x150.jpg 150w\" sizes=\"(max-width: 600px) 100vw, 600px\" title=\"Das Bakalkiko in Graz, griechische Spezialit\u00e4ten\" alt=\"Das Bakalkiko in Graz, griechische Spezialit\u00e4ten\" \t\tclass=\"so-widget-image\"\/>\n\t<\/div>\n\n<\/div><\/div><\/div><div id=\"pgc-20-2-2\"  class=\"panel-grid-cell\" ><div id=\"panel-20-2-2-0\" class=\"so-panel widget widget_sow-image panel-first-child panel-last-child\" data-index=\"7\" ><div\n\t\t\t\n\t\t\tclass=\"so-widget-sow-image so-widget-sow-image-default-a258e6bfa2d8-20\"\n\t\t\t\n\t\t>\n<div class=\"sow-image-container\">\n\t\t<img \n\tsrc=\"https:\/\/www.bakaliko.at\/de\/wp-content\/uploads\/2016\/05\/F4B1030-WEB-600x600.jpg\" width=\"600\" height=\"600\" srcset=\"https:\/\/www.bakaliko.at\/de\/wp-content\/uploads\/2016\/05\/F4B1030-WEB-600x600.jpg 600w, https:\/\/www.bakaliko.at\/de\/wp-content\/uploads\/2016\/05\/F4B1030-WEB-600x600-300x300.jpg 300w, https:\/\/www.bakaliko.at\/de\/wp-content\/uploads\/2016\/05\/F4B1030-WEB-600x600-150x150.jpg 150w\" sizes=\"(max-width: 600px) 100vw, 600px\" title=\"F4B1030-WEB-600&#215;600\" alt=\"\" \t\tclass=\"so-widget-image\"\/>\n\t<\/div>\n\n<\/div><\/div><\/div><div id=\"pgc-20-2-3\"  class=\"panel-grid-cell\" ><div id=\"panel-20-2-3-0\" class=\"so-panel widget widget_sow-image panel-first-child panel-last-child\" data-index=\"8\" ><div\n\t\t\t\n\t\t\tclass=\"so-widget-sow-image so-widget-sow-image-default-a258e6bfa2d8-20\"\n\t\t\t\n\t\t>\n<div class=\"sow-image-container\">\n\t\t<img \n\tsrc=\"https:\/\/www.bakaliko.at\/de\/wp-content\/uploads\/2016\/05\/130112_bakaliko-11-WEB-600x600.jpg\" width=\"600\" height=\"600\" srcset=\"https:\/\/www.bakaliko.at\/de\/wp-content\/uploads\/2016\/05\/130112_bakaliko-11-WEB-600x600.jpg 600w, https:\/\/www.bakaliko.at\/de\/wp-content\/uploads\/2016\/05\/130112_bakaliko-11-WEB-600x600-300x300.jpg 300w, https:\/\/www.bakaliko.at\/de\/wp-content\/uploads\/2016\/05\/130112_bakaliko-11-WEB-600x600-150x150.jpg 150w\" sizes=\"(max-width: 600px) 100vw, 600px\" title=\"130112_bakaliko-11-WEB-600&#215;600\" alt=\"\" \t\tclass=\"so-widget-image\"\/>\n\t<\/div>\n\n<\/div><\/div><\/div><\/div><\/div><div id=\"pg-20-3\"  class=\"panel-grid panel-no-style\" ><div id=\"pgc-20-3-0\"  class=\"panel-grid-cell\" ><div id=\"panel-20-3-0-0\" class=\"so-panel widget widget_sow-editor panel-first-child panel-last-child\" data-index=\"9\" ><div class=\"text-normal panel-widget-style panel-widget-style-for-20-3-0-0\" ><div\n\t\t\t\n\t\t\tclass=\"so-widget-sow-editor so-widget-sow-editor-base\"\n\t\t\t\n\t\t>\n<div class=\"siteorigin-widget-tinymce textwidget\">\n\t<p style=\"text-align: center;\">Unser Gastraum bietet einen gem\u00fctlichen Platz, um all diese Speisen und Getr\u00e4nke zu geniessen. Bei uns finden traditionelle und innovative mediterrane Gastronomie zu einem neuen Konzept zusammen. Das Tagesmen\u00fc verw\u00f6hnt mit Variationen mediterraner warmer Speisen, saisonalen Suppen und wechselnden Spezialit\u00e4ten. Die fixe Men\u00fckarte f\u00fchrt diverse Meze-Teller und unser Fr\u00fchst\u00fcck f\u00fcr Feinschmecker\u2026<\/p>\n<p style=\"text-align: center;\">Wir freuen uns auf Ihren Besuch!<\/p>\n<\/div>\n<\/div><\/div><\/div><\/div><\/div><div id=\"pg-20-4\"  class=\"panel-grid panel-has-style\" ><div class=\"siteorigin-panels-stretch panel-row-style panel-row-style-for-20-4\" id=\"lage\" data-stretch-type=\"full\" ><div id=\"pgc-20-4-0\"  class=\"panel-grid-cell\" ><div id=\"panel-20-4-0-0\" class=\"so-panel widget widget_sow-editor panel-first-child\" data-index=\"10\" ><div class=\"custom-ueberschrift panel-widget-style panel-widget-style-for-20-4-0-0\" ><div\n\t\t\t\n\t\t\tclass=\"so-widget-sow-editor so-widget-sow-editor-base\"\n\t\t\t\n\t\t>\n<div class=\"siteorigin-widget-tinymce textwidget\">\n\t<p>LAGE<\/p>\n<\/div>\n<\/div><\/div><\/div><div id=\"panel-20-4-0-1\" class=\"so-panel widget widget_sow-image\" data-index=\"11\" ><div class=\"lambda-trenner panel-widget-style panel-widget-style-for-20-4-0-1\" ><div\n\t\t\t\n\t\t\tclass=\"so-widget-sow-image so-widget-sow-image-default-a258e6bfa2d8-20\"\n\t\t\t\n\t\t>\n<div class=\"sow-image-container\">\n\t\t<img \n\tsrc=\"https:\/\/www.bakaliko.at\/de\/wp-content\/uploads\/2016\/06\/lambda-trenner.svg\" alt=\"\" \t\tclass=\"so-widget-image\"\/>\n\t<\/div>\n\n<\/div><\/div><\/div><div id=\"panel-20-4-0-2\" class=\"so-panel widget widget_sow-editor\" data-index=\"12\" ><div class=\"custom-unterschrift panel-widget-style panel-widget-style-for-20-4-0-2\" ><div\n\t\t\t\n\t\t\tclass=\"so-widget-sow-editor so-widget-sow-editor-base\"\n\t\t\t\n\t\t>\n<div class=\"siteorigin-widget-tinymce textwidget\">\n\t<p>So finden Sie uns<\/p>\n<\/div>\n<\/div><\/div><\/div><div id=\"panel-20-4-0-3\" class=\"so-panel widget widget_sow-editor\" data-index=\"13\" ><div class=\"text-normal panel-widget-style panel-widget-style-for-20-4-0-3\" ><div\n\t\t\t\n\t\t\tclass=\"so-widget-sow-editor so-widget-sow-editor-base\"\n\t\t\t\n\t\t>\n<div class=\"siteorigin-widget-tinymce textwidget\">\n\t<p style=\"text-align: center;\">Lendplatz 1, 8020 Graz, \u00d6sterreich<\/p>\n<\/div>\n<\/div><\/div><\/div><div id=\"panel-20-4-0-4\" class=\"so-panel widget widget_sow-editor\" data-index=\"14\" ><div class=\"panel-widget-style panel-widget-style-for-20-4-0-4\" ><div\n\t\t\t\n\t\t\tclass=\"so-widget-sow-editor so-widget-sow-editor-base\"\n\t\t\t\n\t\t>\n<div class=\"siteorigin-widget-tinymce textwidget\">\n\t<p><iframe loading=\"lazy\" class=\"unsichtbar-mb\" width=\"100%\" height=\"520\" frameborder=\"0\" scrolling=\"yes\" marginheight=\"0\" marginwidth=\"0\" src=\"https:\/\/www.openstreetmap.org\/export\/embed.html?bbox=15.428334474563599%2C47.072624563282716%2C15.435415506362915%2C47.07601860170752&amp;layer=hot&amp;marker=47.074321609515685%2C15.431874990463257\"><\/iframe><br \/>\n<iframe loading=\"lazy\" class=\"unsichtbar-dt\" width=\"100%\" height=\"240\" frameborder=\"0\" scrolling=\"yes\" marginheight=\"0\" marginwidth=\"0\" src=\"https:\/\/www.openstreetmap.org\/export\/embed.html?bbox=15.428334474563599%2C47.072624563282716%2C15.435415506362915%2C47.07601860170752&amp;layer=hot&amp;marker=47.074321609515685%2C15.431874990463257\"><\/iframe><\/p>\n<\/div>\n<\/div><\/div><\/div><div id=\"panel-20-4-0-5\" class=\"so-panel widget widget_spacer\" data-index=\"15\" ><div\n\t\t\t\n\t\t\tclass=\"so-widget-spacer so-widget-spacer-spacer-style-d75171398898-20\"\n\t\t\t\n\t\t>\r\n\r\n\r\n\r\n\r\n<div class=\"spacer\" style=\"height: 12px\">\r\n<\/div><\/div><\/div><div id=\"panel-20-4-0-6\" class=\"so-panel widget widget_sow-editor\" data-index=\"16\" ><div class=\"text-normal panel-widget-style panel-widget-style-for-20-4-0-6\" ><div\n\t\t\t\n\t\t\tclass=\"so-widget-sow-editor so-widget-sow-editor-base\"\n\t\t\t\n\t\t>\n<div class=\"siteorigin-widget-tinymce textwidget\">\n\t<p><strong>\u00d6ffnungszeiten:<\/strong><\/p>\n<p><em>kouzina <\/em>(Restaurant): Di\u2013Do 16\u201324 Uhr, Fr\u2013Sa 11\u201324 Uhr<br \/>\n&rarr; K\u00fcche jeweils bis 22 Uhr<\/p>\n<p><em>agora <\/em>(Feinkost): Di\u2013Fr 11\u201318 Uhr, Sa 10\u201314 Uhr<\/p>\n<p>Sonn- und feiertags geschlossen<\/p>\n<\/div>\n<\/div><\/div><\/div><div id=\"panel-20-4-0-7\" class=\"so-panel widget widget_spacer panel-last-child\" data-index=\"17\" ><div class=\"panel-widget-style panel-widget-style-for-20-4-0-7\" ><div\n\t\t\t\n\t\t\tclass=\"so-widget-spacer so-widget-spacer-spacer-style-d75171398898-20\"\n\t\t\t\n\t\t>\r\n\r\n\r\n\r\n\r\n<div class=\"spacer\" style=\"height: 22px\">\r\n<\/div><\/div><\/div><\/div><\/div><\/div><\/div><div id=\"pg-20-5\"  class=\"panel-grid panel-has-style\" ><div class=\"siteorigin-panels-stretch panel-row-style panel-row-style-for-20-5\" id=\"kontakt\" data-stretch-type=\"full\" ><div id=\"pgc-20-5-0\"  class=\"panel-grid-cell\" ><div id=\"panel-20-5-0-0\" class=\"so-panel widget widget_sow-editor panel-first-child\" data-index=\"18\" ><div class=\"custom-ueberschrift panel-widget-style panel-widget-style-for-20-5-0-0\" ><div\n\t\t\t\n\t\t\tclass=\"so-widget-sow-editor so-widget-sow-editor-base\"\n\t\t\t\n\t\t>\n<div class=\"siteorigin-widget-tinymce textwidget\">\n\t<p>KONTAKT<\/p>\n<\/div>\n<\/div><\/div><\/div><div id=\"panel-20-5-0-1\" class=\"so-panel widget widget_sow-image\" data-index=\"19\" ><div class=\"lambda-trenner panel-widget-style panel-widget-style-for-20-5-0-1\" ><div\n\t\t\t\n\t\t\tclass=\"so-widget-sow-image so-widget-sow-image-default-a258e6bfa2d8-20\"\n\t\t\t\n\t\t>\n<div class=\"sow-image-container\">\n\t\t<img \n\tsrc=\"https:\/\/www.bakaliko.at\/de\/wp-content\/uploads\/2016\/06\/lambda-trenner.svg\" alt=\"\" \t\tclass=\"so-widget-image\"\/>\n\t<\/div>\n\n<\/div><\/div><\/div><div id=\"panel-20-5-0-2\" class=\"so-panel widget widget_sow-editor\" data-index=\"20\" ><div class=\"custom-unterschrift panel-widget-style panel-widget-style-for-20-5-0-2\" ><div\n\t\t\t\n\t\t\tclass=\"so-widget-sow-editor so-widget-sow-editor-base\"\n\t\t\t\n\t\t>\n<div class=\"siteorigin-widget-tinymce textwidget\">\n\t<p>Onlineformular f\u00fcr allgemeine Anfragen<\/p>\n<\/div>\n<\/div><\/div><\/div><div id=\"panel-20-5-0-3\" class=\"so-panel widget widget_sow-editor panel-last-child\" data-index=\"21\" ><div class=\"form-padding panel-widget-style panel-widget-style-for-20-5-0-3\" ><div\n\t\t\t\n\t\t\tclass=\"so-widget-sow-editor so-widget-sow-editor-base\"\n\t\t\t\n\t\t>\n<div class=\"siteorigin-widget-tinymce textwidget\">\n\t<p><center><\/p>\n<div class=\"wpcf7 no-js\" id=\"wpcf7-f2122-o1\" lang=\"de-DE\" dir=\"ltr\">\n<div class=\"screen-reader-response\">\n<p role=\"status\" aria-live=\"polite\" aria-atomic=\"true\">\n<ul><\/ul>\n<\/div>\n<form action=\"\/de\/wp-json\/wp\/v2\/pages\/20#wpcf7-f2122-o1\" method=\"post\" class=\"wpcf7-form init\" aria-label=\"Kontaktformular\" novalidate=\"novalidate\" data-status=\"init\">\n<div style=\"display: none;\">\n<input type=\"hidden\" name=\"_wpcf7\" value=\"2122\" \/><br \/>\n<input type=\"hidden\" name=\"_wpcf7_version\" value=\"5.9.8\" \/><br \/>\n<input type=\"hidden\" name=\"_wpcf7_locale\" value=\"de_DE\" \/><br \/>\n<input type=\"hidden\" name=\"_wpcf7_unit_tag\" value=\"wpcf7-f2122-o1\" \/><br \/>\n<input type=\"hidden\" name=\"_wpcf7_container_post\" value=\"0\" \/><br \/>\n<input type=\"hidden\" name=\"_wpcf7_posted_data_hash\" value=\"\" \/>\n<\/div>\n<p><span class=\"wpcf7-form-control-wrap\" data-name=\"name10\"><input size=\"40\" maxlength=\"400\" class=\"wpcf7-form-control wpcf7-text wpcf7-validates-as-required\" aria-required=\"true\" aria-invalid=\"false\" placeholder=\"Vor- und Zuname\" value=\"\" type=\"text\" name=\"name10\" \/><\/span>\n<\/p>\n<p><span class=\"wpcf7-form-control-wrap\" data-name=\"email11\"><input size=\"40\" maxlength=\"400\" class=\"wpcf7-form-control wpcf7-email wpcf7-validates-as-required wpcf7-text wpcf7-validates-as-email\" aria-required=\"true\" aria-invalid=\"false\" placeholder=\"E-Mail\" value=\"\" type=\"email\" name=\"email11\" \/><\/span>\n<\/p>\n<p><span class=\"wpcf7-form-control-wrap\" data-name=\"subject12\"><input size=\"40\" maxlength=\"400\" class=\"wpcf7-form-control wpcf7-text wpcf7-validates-as-required\" aria-required=\"true\" aria-invalid=\"false\" placeholder=\"Betreff\" value=\"\" type=\"text\" name=\"subject12\" \/><\/span>\n<\/p>\n<p><span class=\"wpcf7-form-control-wrap\" data-name=\"message13\"><textarea cols=\"40\" rows=\"10\" maxlength=\"2000\" class=\"wpcf7-form-control wpcf7-textarea wpcf7-validates-as-required\" aria-required=\"true\" aria-invalid=\"false\" placeholder=\"Nachricht\" name=\"message13\"><\/textarea><\/span>\n<\/p>\n<div style=\"text-align:left; font-size:14px; margin:-20px 0 10px\">\n<p><span class=\"wpcf7-form-control-wrap\" data-name=\"acceptance-973\"><span class=\"wpcf7-form-control wpcf7-acceptance\"><span class=\"wpcf7-list-item\"><input type=\"checkbox\" name=\"acceptance-973\" value=\"1\" aria-invalid=\"false\" \/><\/span><\/span><\/span>&nbsp;&nbsp;&nbsp;Ich stimme zu, dass meine pers\u00f6nlichen Daten entsprechend unserer <a style=\"border-bottom: thin dotted #333\" href=\"https:\/\/www.bakaliko.at\/de\/datenschutz\/\" target=\"_blank\">Datenschutzerkl\u00e4rung<\/a> verarbeitet werden.\n\t<\/p>\n<\/div>\n<p><span id=\"wpcf7-6a095e3080dc8-wrapper\" class=\"wpcf7-form-control-wrap honeypot-434-wrap\" ><input type=\"hidden\" name=\"honeypot-434-random-hash\" value=\"24223058\"><label\n\t\t    for=\"wpcf7-6a095e3080dc8-field\"\n\t\t    class=\"hp-message\"\n        >Bitte lasse dieses Feld leer.<\/label><input\n\t    id=\"wpcf7-6a095e3080dc8-field\"\n\t    \n\t    class=\"wpcf7-form-control wpcf7-text\"\n\t    type=\"text\"\n\t    name=\"khczox6gq9cp\"\n\t    value=\"\"\n\t    size=\"40\"\n\t    autocomplete=\"new-password\"\n\t    tabindex=\"1000\"\n    \/><\/span>\n<\/p>\n<div style=\"text-align:left\">\n<p><input class=\"wpcf7-form-control wpcf7-submit has-spinner\" type=\"submit\" value=\"Senden\" \/>\n\t<\/p>\n<div style=\"text-align:left; font-size:18px; font-weight: 600\">\n<p>Wir bitten um etwas Geduld nach dem Absenden des Formulars \u2013 zur Zeit dauert die \u00dcbertragung leider etwas l\u00e4nger.\n\t\t<\/p>\n<\/p><\/div>\n<\/div>\n<div class=\"wpcf7-response-output\" aria-hidden=\"true\"><\/div>\n<\/form>\n<\/div>\n<p><\/center><\/p>\n<\/div>\n<\/div><\/div><\/div><\/div><\/div><\/div><\/div>","protected":false},"excerpt":{"rendered":"<p>\u00dcber Uns&nbsp;&nbsp;~&nbsp;&nbsp;Lage&nbsp;&nbsp;~&nbsp;&nbsp;Kontakt \u00dcBER UNS Das Baka\u03bbiko Seit vielen Jahren gehen wir nun schon unserer Leidenschaft nach, gutes Essen, guten Wein und qualitativ hochwertige Lebensmittel aus Griechenland und dem Mittelmeerraum zu entdecken, zu verkosten und zu verkochen. Unsere kulinarischen Entdeckungen haben uns schlie\u00dflich dazu inspiriert, das Baka\u03bbiko zu er\u00f6ffnen. Der Lendplatz mit seinem interkulturellen Charakter erschien [&hellip;]<\/p>\n","protected":false},"author":2,"featured_media":0,"parent":0,"menu_order":0,"comment_status":"closed","ping_status":"closed","template":"","meta":{"_acf_changed":false,"footnotes":""},"acf":[],"_links":{"self":[{"href":"https:\/\/www.bakaliko.at\/de\/wp-json\/wp\/v2\/pages\/20"}],"collection":[{"href":"https:\/\/www.bakaliko.at\/de\/wp-json\/wp\/v2\/pages"}],"about":[{"href":"https:\/\/www.bakaliko.at\/de\/wp-json\/wp\/v2\/types\/page"}],"author":[{"embeddable":true,"href":"https:\/\/www.bakaliko.at\/de\/wp-json\/wp\/v2\/users\/2"}],"replies":[{"embeddable":true,"href":"https:\/\/www.bakaliko.at\/de\/wp-json\/wp\/v2\/comments?post=20"}],"version-history":[{"count":97,"href":"https:\/\/www.bakaliko.at\/de\/wp-json\/wp\/v2\/pages\/20\/revisions"}],"predecessor-version":[{"id":3963,"href":"https:\/\/www.bakaliko.at\/de\/wp-json\/wp\/v2\/pages\/20\/revisions\/3963"}],"wp:attachment":[{"href":"https:\/\/www.bakaliko.at\/de\/wp-json\/wp\/v2\/media?parent=20"}],"curies":[{"name":"wp","href":"https:\/\/api.w.org\/{rel}","templated":true}]}}