{"id":2457,"date":"2016-06-20T09:37:01","date_gmt":"2016-06-20T07:37:01","guid":{"rendered":"http:\/\/www.bakaliko.at\/de\/?page_id=2457"},"modified":"2024-09-17T20:03:45","modified_gmt":"2024-09-17T19:03:45","slug":"datenschutz","status":"publish","type":"page","link":"https:\/\/www.bakaliko.at\/de\/datenschutz\/","title":{"rendered":"Datenschutz"},"content":{"rendered":"<div id=\"pl-2457\"  class=\"panel-layout\" ><div id=\"pg-2457-0\"  class=\"panel-grid panel-has-style\" ><div class=\"panel-row-style panel-row-style-for-2457-0\" ><div id=\"pgc-2457-0-0\"  class=\"panel-grid-cell\" ><div id=\"panel-2457-0-0-0\" class=\"so-panel widget widget_spacer panel-first-child\" data-index=\"0\" ><div\n\t\t\t\n\t\t\tclass=\"so-widget-spacer so-widget-spacer-spacer-style-d75171398898-2457\"\n\t\t\t\n\t\t>\r\n\r\n\r\n\r\n\r\n<div class=\"spacer\" style=\"height: 22px\">\r\n<\/div><\/div><\/div><div id=\"panel-2457-0-0-1\" class=\"so-panel widget widget_sow-editor\" data-index=\"1\" ><div class=\"custom-ueberschrift-text panel-widget-style panel-widget-style-for-2457-0-0-1\" ><div\n\t\t\t\n\t\t\tclass=\"so-widget-sow-editor so-widget-sow-editor-base\"\n\t\t\t\n\t\t>\n<div class=\"siteorigin-widget-tinymce textwidget\">\n\t<p>Datenschutzerkl\u00e4rung<\/p>\n<\/div>\n<\/div><\/div><\/div><div id=\"panel-2457-0-0-2\" class=\"so-panel widget widget_sow-editor\" data-index=\"2\" ><div class=\"text-normal panel-widget-style panel-widget-style-for-2457-0-0-2\" ><div\n\t\t\t\n\t\t\tclass=\"so-widget-sow-editor so-widget-sow-editor-base\"\n\t\t\t\n\t\t><h3 class=\"widget-title\">Datenschutz<\/h3>\n<div class=\"siteorigin-widget-tinymce textwidget\">\n\t<p>Ihre personenbezogenen Daten werden vertraulich und entsprechend der gesetzlichen Datenschutzvorschriften sowie dieser Datenschutzerkl\u00e4rung. Zur Nutzung unserer Webseite ist keine Angabe personenbezogener Daten erforderlich. Sobald auf unseren Seiten personenbezogene Daten (beispielsweise Name, Anschrift oder E-Mail-Adressen) erhoben werden, erfolgt dies auf freiwilliger Basis. Diese Daten werden ohne Ihre Zustimmung keinesfalls an Dritte weitergegeben. Pers\u00f6nliche Daten, die Sie uns \u00fcber unsere Website bekannt geben, werden von uns nur zum jeweils angegebenen Zweck verwendet und nicht an Dritte weitergegeben. Wir werden Ihnen nicht unaufgefordert Informationen zuschicken.<\/p>\n<\/div>\n<\/div><\/div><\/div><div id=\"panel-2457-0-0-3\" class=\"so-panel widget widget_sow-editor panel-last-child\" data-index=\"3\" ><div class=\"text-normal panel-widget-style panel-widget-style-for-2457-0-0-3\" ><div\n\t\t\t\n\t\t\tclass=\"so-widget-sow-editor so-widget-sow-editor-base\"\n\t\t\t\n\t\t><h3 class=\"widget-title\">Nutzungsanalyse &amp; Cookies<\/h3>\n<div class=\"siteorigin-widget-tinymce textwidget\">\n\t<p>Zur Analyse des Nutzungsverhaltens unserer Seite verwenden wir das Softwaretool \"WP-Statistics\" des Entwicklers <em>Verona Labs<\/em>  <a href=\"https:\/\/veronalabs.com\/\" rel=\"noopener\" target=\"_blank\">https:\/\/veronalabs.com\/<\/a>, welches mit der aktuellen EU-Datenschutz-Grundverordnung (EU-DSGVO) konform ist. Mehr Information k\u00f6nnen Sie unter folgendem Link nachlesen: <a href=\"https:\/\/wp-statistics.com\/2018\/08\/16\/wp-statistics-gdpr\/\" rel=\"noopener\" target=\"_blank\">https:\/\/wp-statistics.com\/2018\/08\/16\/wp-statistics-gdpr\/<\/a><br \/>\nWir verzichten auf die Verwendung von Google Analytics.<br \/>\nDie Analyse dient ausschliesslich zur internen Weiterentwicklung unserer Online Pr\u00e4senz. Dabei werden keine personenbezogenen Daten von NutzerInnen von uns gesammelt, ausgewertet oder an Dritte weitergeleitet.<br \/>\nFolgende Daten der NutzerInnen werden auf dem Server von bakaliko.at gespeichert: pseudonymisierte IP Adresse (IP Adresse des Internetanbieters), ungef\u00e4hrer Standort (Land und event. Stadt), besuchte Seiten auf bakaliko.at mit Uhrzeitangaben und event. verweisende Internetadresse (z.B. Suchmaschine). <\/p>\n<p>Zur Darstellung von Informationseinblendungen werden von bakaliko.at tempor\u00e4re Cookies gesetzt.<br \/>\nDas Akzeptieren von Cookies ist grunds\u00e4tzlich keine Voraussetzung zum Besuch unserer Webseiten, schr\u00e4nkt die Funktionalit\u00e4t aber ein. Cookies werden bei uns nicht mit pers\u00f6nlichen Daten in Verbindung gebracht.<br \/>\nAlle gebr\u00e4uchlichen Webbrowser erm\u00f6glichen das Blockieren von Cookies. Bereits gespeicherte Cookies k\u00f6nnen im Browser jederzeit wieder gel\u00f6scht werden.<\/p>\n<p>Folgende Funktionen unserer Webseiten verwenden Cookies: Pop-Over Benachrichtigungen zu Darstellungszwecken von Informationen (z.B.:\"<em>Das Bakaliko macht gerade Urlaub und ist geschlossen<\/em>\", u.\u00e4.)<\/p>\n<p>Cookies Sozialer Netzwerke: Um Beitr\u00e4ge in Sozialen Netzwerken empfehlen und teilen zu k\u00f6nnen, sind auf den Seiten von bakaliko.at datenschutzfreundliche Empfehlungsschaltfl\u00e4chen eingebunden (mehr Information s. unten), d.h. es werden erst Cookies von Sozialen Netzwerken geladen, wenn die entsprechenden Schaltfl\u00e4chen aktiv angeklickt werden. <\/p>\n<\/div>\n<\/div><\/div><\/div><\/div><\/div><\/div><div id=\"pg-2457-1\"  class=\"panel-grid panel-has-style\" ><div id=\"socialplug\" class=\"panel-row-style panel-row-style-for-2457-1\" ><div id=\"pgc-2457-1-0\"  class=\"panel-grid-cell\" ><div class=\"text-normal panel-cell-style panel-cell-style-for-2457-1-0\" ><div id=\"panel-2457-1-0-0\" class=\"so-panel widget widget_sow-editor panel-first-child\" data-index=\"4\" ><div\n\t\t\t\n\t\t\tclass=\"so-widget-sow-editor so-widget-sow-editor-base\"\n\t\t\t\n\t\t><h3 class=\"widget-title\">Social-Media-Plugin \u201eShariff Wrapper\u201c<\/h3>\n<div class=\"siteorigin-widget-tinymce textwidget\">\n\t<p>Wir bieten Ihnen auf unserer Website die M\u00f6glichkeit zur Nutzung von sogenannten \u201eSocial-Media-Buttons\u201c an. Zum Schutz Ihrer Daten setzen wir bei der Implementierung auf die L\u00f6sung \u201eShariff\u201c. Hierdurch werden diese Buttons auf unserer Seite lediglich als statische Grafik eingebunden, die eine Verlinkung auf die entsprechende Website des Anbieters enth\u00e4lt. Durch das Anklicken der Grafik werden Sie somit zu der Website des jeweiligen Anbieters weitergeleitet, genauso wie es auch bei normalen Links funktioniert. Erst beim Aufruf der Website des Anbieters erh\u00e4lt dieser Informationen \u00fcber Sie, wie zum Beispiel Ihre IP-Adresse. Sofern Sie die Button-Grafiken nicht anklicken, findet keinerlei Datenaustausch statt. Informationen \u00fcber die Erhebung und Verwendung Ihrer Daten in den sozialen Netzwerken finden Sie in den jeweiligen Nutzungsbedingungen der entsprechenden Anbieter.<br \/>\nMehr Informationen \u00fcber das Plugin und zur Shariff-L\u00f6sung finden Sie hier:<br \/> <a href=\"https:\/\/de.wordpress.org\/plugins\/shariff\/\" target=\"_blank\" rel=\"noopener\">https:\/\/de.wordpress.org\/plugins\/shariff\/<\/a><\/p>\n<p>Wir bieten auf unserer Website Buttons f\u00fcr die folgenden Dienste \/ Unternehmen an:<br \/> Diaspora, Facebook, GooglePlus, Tumblr, Twitter.<\/p>\n<\/div>\n<\/div><\/div><div id=\"panel-2457-1-0-1\" class=\"so-panel widget widget_sow-editor\" data-index=\"5\" ><div\n\t\t\t\n\t\t\tclass=\"so-widget-sow-editor so-widget-sow-editor-base\"\n\t\t\t\n\t\t>\n<div class=\"siteorigin-widget-tinymce textwidget\">\n\t<h3 style=\"text-align: center;\">Allgemeines Kontaktformular<\/h3>\n<p style=\"text-align: center;\">Wenn Sie sich mit allgemeinen Fragen, W\u00fcnschen oder Anregungen mittels Kontaktformular unserer Webseite an uns wenden, k\u00f6nnen wir nur auf Ihre Anliegen reagieren, wenn wir Ihre Angaben in diesem Zusammenhang verarbeiten und speichern. Nach der erfolgten Bearbeitung Ihres Anliegens werden die angegebenen Daten (Name, E-Mail-Adresse) f\u00fcr maximal drei Monate zum Zwecke der Nachvollziehbarkeit der Kommunikation gespeichert. Diese Daten werden keinesfalls f\u00fcr andere Zwecke verwendet oder an Dritte weitergegeben. Mit dem Senden ihrer Daten mittels Kontaktformular erkl\u00e4ren Sie sich mit dieser Vorgangsweise einverstanden und erlauben uns, dass wir Kontakt mit Ihnen aufnehmen.<\/p>\n<h3 style=\"text-align: center;\">Kontaktformular f\u00fcr Tischreservierungen und Cateringanfragen<\/h3>\n<p style=\"text-align: center;\">Sie k\u00f6nnen gerne \u00fcber unser Reservierungs-Formular bis zum Vortag des geplanten Besuches einen Tisch im Bakaliko reservieren oder mit dem Catering-Formular Anfragen bez\u00fcglich Caterings stellen. Ihre Angaben werden f\u00fcr die Abwicklung dieser Vorg\u00e4nge verarbeitet. Damit wir uns an Sie wenden k\u00f6nnen, speichern wir ihre angegebenen Daten (Name, E-Mail-Adresse, Telefonnummer, event. Adresse) bis zu ihrem geplanten Besuch oder dem stattfindenden Catering, danach werden die Daten gel\u00f6scht. Diese Daten werden keinesfalls f\u00fcr andere Zwecke verwendet oder an Dritte weitergegeben. Mit dem Senden ihrer Daten mittels Kontaktformular erkl\u00e4ren Sie sich mit dieser Vorgangsweise einverstanden und erlauben uns, dass wir Kontakt mit Ihnen aufnehmen.<\/p>\n<\/div>\n<\/div><\/div><div id=\"panel-2457-1-0-2\" class=\"so-panel widget widget_sow-editor\" data-index=\"6\" ><div\n\t\t\t\n\t\t\tclass=\"so-widget-sow-editor so-widget-sow-editor-base\"\n\t\t\t\n\t\t>\n<div class=\"siteorigin-widget-tinymce textwidget\">\n\t<h3 style=\"text-align: center;\">Open Street Map<\/h3>\n<p style=\"text-align: center;\">Auf unserer Internetseite \"Info\" binden wir einen Kartenausschnitt des Open-Source-Dienstes \"OpenStreetMap\" ein, um Ihnen unseren genauen Standort anschaulich zu machen. M\u00f6glicherweise werden Informationen und personenbezogene Daten an einen Server von OpenStreetMap in die USA \u00fcbermittelt. Leider k\u00f6nnen wir nicht kontrollieren, in welchem Umfang OpenStreetMap dabei Daten erh\u00e4lt.\u00a0Die Behandlung der Daten richtet sich nach den Datenschutzbestimmungen von OpenStreetMap, die unter folgendem Link nachzulesen sind:<br \/> <a href=\"http:\/\/wiki.openstreetmap.org\/wiki\/Privacy_Policy\" target=\"_blank\" rel=\"noopener\">https:\/\/wiki.openstreetmap.org\/wiki\/Privacy_Policy<\/a><\/p>\n<\/div>\n<\/div><\/div><div id=\"panel-2457-1-0-3\" class=\"so-panel widget widget_sow-editor\" data-index=\"7\" ><div\n\t\t\t\n\t\t\tclass=\"so-widget-sow-editor so-widget-sow-editor-base\"\n\t\t\t\n\t\t>\n<div class=\"siteorigin-widget-tinymce textwidget\">\n\t<h3 style=\"text-align: center;\">Datenschutzbeauftragter<\/h3>\n<p>Evangelia Papanagiotou<br \/>\nLendplatz 1<br \/>\n8020 Graz, \u00d6sterreich<\/p>\n<p>Tel: +43 660 360 249 3<br \/>\nMail: mail@bakaliko.at<\/p>\n<\/div>\n<\/div><\/div><div id=\"panel-2457-1-0-4\" class=\"so-panel widget widget_spacer panel-last-child\" data-index=\"8\" ><div\n\t\t\t\n\t\t\tclass=\"so-widget-spacer so-widget-spacer-spacer-style-d75171398898-2457\"\n\t\t\t\n\t\t>\r\n\r\n\r\n\r\n\r\n<div class=\"spacer\" style=\"height: 22px\">\r\n<\/div><\/div><\/div><\/div><\/div><\/div><\/div><\/div>","protected":false},"excerpt":{"rendered":"<p>Datenschutzerkl\u00e4rung Ihre personenbezogenen Daten werden vertraulich und entsprechend der gesetzlichen Datenschutzvorschriften sowie dieser Datenschutzerkl\u00e4rung. Zur Nutzung unserer Webseite ist keine Angabe personenbezogener Daten erforderlich. Sobald auf unseren Seiten personenbezogene Daten (beispielsweise Name, Anschrift oder E-Mail-Adressen) erhoben werden, erfolgt dies auf freiwilliger Basis. Diese Daten werden ohne Ihre Zustimmung keinesfalls an Dritte weitergegeben. Pers\u00f6nliche Daten, die [&hellip;]<\/p>\n","protected":false},"author":2,"featured_media":0,"parent":0,"menu_order":0,"comment_status":"closed","ping_status":"closed","template":"","meta":{"_acf_changed":false,"footnotes":""},"acf":[],"_links":{"self":[{"href":"https:\/\/www.bakaliko.at\/de\/wp-json\/wp\/v2\/pages\/2457"}],"collection":[{"href":"https:\/\/www.bakaliko.at\/de\/wp-json\/wp\/v2\/pages"}],"about":[{"href":"https:\/\/www.bakaliko.at\/de\/wp-json\/wp\/v2\/types\/page"}],"author":[{"embeddable":true,"href":"https:\/\/www.bakaliko.at\/de\/wp-json\/wp\/v2\/users\/2"}],"replies":[{"embeddable":true,"href":"https:\/\/www.bakaliko.at\/de\/wp-json\/wp\/v2\/comments?post=2457"}],"version-history":[{"count":33,"href":"https:\/\/www.bakaliko.at\/de\/wp-json\/wp\/v2\/pages\/2457\/revisions"}],"predecessor-version":[{"id":320624,"href":"https:\/\/www.bakaliko.at\/de\/wp-json\/wp\/v2\/pages\/2457\/revisions\/320624"}],"wp:attachment":[{"href":"https:\/\/www.bakaliko.at\/de\/wp-json\/wp\/v2\/media?parent=2457"}],"curies":[{"name":"wp","href":"https:\/\/api.w.org\/{rel}","templated":true}]}}